{"id":1952,"date":"2013-04-11T10:30:35","date_gmt":"2013-04-11T10:30:35","guid":{"rendered":"http:\/\/web-rockstars.com\/bosco\/?page_id=1952"},"modified":"2016-06-19T17:21:54","modified_gmt":"2016-06-19T17:21:54","slug":"home","status":"publish","type":"page","link":"https:\/\/www.deltalineintl.com\/es\/","title":{"rendered":"Inicio"},"content":{"rendered":"<h2 class='styled'><span>Bienvenido a Delta Line lnternational<\/span><\/h2>\n<div class='sc_column one_fourth ' >\n<style type='text\/css' scoped='scoped'>#service_box_gsGUQ {  } #service_box_gsGUQ {background:#fff; color:#0C63AE;} #service_box_gsGUQ, #service_box_gsGUQ i, #service_box_gsGUQ h3, #service_box_gsGUQ a {color:#0C63AE;} #service_box_gsGUQ:hover, #service_box_gsGUQ:hover i, #service_box_gsGUQ:hover h3, #service_box_gsGUQ:hover a {color:#fff;} #service_box_gsGUQ:hover {background:#0C63AE; color:#fff;} #service_box_gsGUQ i {background: #0C63AE; color:#fff; } #service_box_gsGUQ:hover {background: #0C63AE;} #service_box_gsGUQ:hover i {border-color: #0C63AE; color:#0C63AE;} #service_box_gsGUQ:hover i {background:#fff; } <\/style><div id=\"service_box_gsGUQ\" class=\"sc_service_box service_box_6 service_box trans05 text-center \"><div class=\"service_box_inner\"><div class='service_box_6_icon text-center'><i class='icon-plane'><\/i><\/div><h3>A\u00e9reo<\/h3><\/div><\/div>\n<\/div>\n<div class='sc_column one_fourth ' >\n<style type='text\/css' scoped='scoped'>#service_box_igrGK {  } #service_box_igrGK {background:#fff; color:#0C63AE;} #service_box_igrGK, #service_box_igrGK i, #service_box_igrGK h3, #service_box_igrGK a {color:#0C63AE;} #service_box_igrGK:hover, #service_box_igrGK:hover i, #service_box_igrGK:hover h3, #service_box_igrGK:hover a {color:#fff;} #service_box_igrGK:hover {background:#0C63AE; color:#fff;} #service_box_igrGK i {background: #0C63AE; color:#fff; } #service_box_igrGK:hover {background: #0C63AE;} #service_box_igrGK:hover i {border-color: #0C63AE; color:#0C63AE;} #service_box_igrGK:hover i {background:#fff; } <\/style><div id=\"service_box_igrGK\" class=\"sc_service_box service_box_6 service_box trans05 text-center \"><div class=\"service_box_inner\"><div class='service_box_6_icon text-center'><i class='icon-anchor'><\/i><\/div><h3>Mar\u00edtimo<\/h3><\/div><\/div>\n<\/div>\n<div class='sc_column one_fourth ' >\n<style type='text\/css' scoped='scoped'>#service_box_sYAMc {  } #service_box_sYAMc {background:#fff; color:#0C63AE;} #service_box_sYAMc, #service_box_sYAMc i, #service_box_sYAMc h3, #service_box_sYAMc a {color:#0C63AE;} #service_box_sYAMc:hover, #service_box_sYAMc:hover i, #service_box_sYAMc:hover h3, #service_box_sYAMc:hover a {color:#fff;} #service_box_sYAMc:hover {background:#0C63AE; color:#fff;} #service_box_sYAMc i {background: #0C63AE; color:#fff; } #service_box_sYAMc:hover {background: #0C63AE;} #service_box_sYAMc:hover i {border-color: #0C63AE; color:#0C63AE;} #service_box_sYAMc:hover i {background:#fff; } <\/style><div id=\"service_box_sYAMc\" class=\"sc_service_box service_box_6 service_box trans05 text-center \"><div class=\"service_box_inner\"><div class='service_box_6_icon text-center'><i class='icon-columns'><\/i><\/div><h3>Transporte lntermodal<\/h3><\/div><\/div>\n<\/div>\n<div class='sc_column one_fourth last ' >\n<style type='text\/css' scoped='scoped'>#service_box_GYOxi {  } #service_box_GYOxi {background:#fff; color:#0C63AE;} #service_box_GYOxi, #service_box_GYOxi i, #service_box_GYOxi h3, #service_box_GYOxi a {color:#0C63AE;} #service_box_GYOxi:hover, #service_box_GYOxi:hover i, #service_box_GYOxi:hover h3, #service_box_GYOxi:hover a {color:#fff;} #service_box_GYOxi:hover {background:#0C63AE; color:#fff;} #service_box_GYOxi i {background: #0C63AE; color:#fff; } #service_box_GYOxi:hover {background: #0C63AE;} #service_box_GYOxi:hover i {border-color: #0C63AE; color:#0C63AE;} #service_box_GYOxi:hover i {background:#fff; } <\/style><div id=\"service_box_GYOxi\" class=\"sc_service_box service_box_6 service_box trans05 text-center \"><div class=\"service_box_inner\"><div class='service_box_6_icon text-center'><i class='icon-th-large'><\/i><\/div><h3>Servicios De Bodega<\/h3><\/div><\/div>\n<\/div><div class='clear'><\/div>\n<div class='clear'><\/div>\n<div class=\"one_half\" style=\"margin-bottom: 0;\">\n<p><img loading=\"lazy\" decoding=\"async\" class=\"alignnone wp-image-3896 size-gallery\" src=\"http:\/\/www.deltalineintl.com\/wp-content\/uploads\/2013\/04\/home-1-600x400.jpg\" alt=\"\" width=\"600\" height=\"400\" srcset=\"https:\/\/www.deltalineintl.com\/wp-content\/uploads\/2013\/04\/home-1.jpg 600w, https:\/\/www.deltalineintl.com\/wp-content\/uploads\/2013\/04\/home-1-500x333.jpg 500w\" sizes=\"auto, (max-width: 600px) 100vw, 600px\" \/><\/p>\n<\/div>\n<div class='sc_column one_half last ' >\n<h3 class='styled'><span>Estamos aqu\u00ed para ayudarle!<\/span><\/h3>\n<ul>\n<li>Delta Line lnternational, conocida como una de las principales agencias de carga con m\u00e1s de 25 a\u00f1os en el negocio, tiene como misi\u00f3n primordial brindarle a todos sus valiosos clientes un servicio profesional, r\u00e1pido y garantizado, desde y hacia cualquier parte del mundo.<\/li>\n<li>Transportamos su mercader\u00eda, sin importar peso, ni medidas, desde una cajita hasta carga o equipos sobre dimensionados. Siempre encontramos la forma adecuada para manejar su carga cuidadosamente y al mismo tiempo nos comprometemos a ofrecer un costo competitivo. Contamos con personal capacitado y experimentado ofreciendo un servicio de alta calidad y excelencia.<\/li>\n<li>Estamos especializados en el manejo de carga refrigerada y durante todo el a\u00f1o trasladamos uvas desde Chile hacia los \u00c1ngeles, Nueva York, Philadelphia y Miami. Tambi\u00e9n transbordamos contenedores y carga fraccionada de cerezas, duraznos y ar\u00e1ndanos.<\/li>\n<li>Somos uno de los principales transportistas de carga para Codelco, una de las mineras m\u00e1s grandes de Chile. Asistimos a nuestros clientes como socios, por tanto nos satisface construir relaciones a largo plazo basadas en honestidad, confiabilidad y profesionalismo.<\/li>\n<\/ul>\n<h4>Por favor no dude en contactarnos:<\/h4>\n<h4><i class='sc_fa_icon icon-phone' ><\/i> <a href=\"tel:1-305-599-1115\">(305) 599-1115<\/a> \/ <i class='sc_fa_icon icon-envelope' ><\/i> <a href=\"mailto:logistics@deltalineintl.com\"><span class=\"\">logistics@deltalineintl.com<\/span><\/a><\/h4>\n<\/div><div class='clear'><\/div>","protected":false},"excerpt":{"rendered":"<p>Bienvenido a Delta Line lnternational<\/p>\n","protected":false},"author":1,"featured_media":0,"parent":0,"menu_order":0,"comment_status":"closed","ping_status":"closed","template":"","meta":{"footnotes":""},"class_list":["post-1952","page","type-page","status-publish","hentry"],"_links":{"self":[{"href":"https:\/\/www.deltalineintl.com\/es\/wp-json\/wp\/v2\/pages\/1952","targetHints":{"allow":["GET"]}}],"collection":[{"href":"https:\/\/www.deltalineintl.com\/es\/wp-json\/wp\/v2\/pages"}],"about":[{"href":"https:\/\/www.deltalineintl.com\/es\/wp-json\/wp\/v2\/types\/page"}],"author":[{"embeddable":true,"href":"https:\/\/www.deltalineintl.com\/es\/wp-json\/wp\/v2\/users\/1"}],"replies":[{"embeddable":true,"href":"https:\/\/www.deltalineintl.com\/es\/wp-json\/wp\/v2\/comments?post=1952"}],"version-history":[{"count":55,"href":"https:\/\/www.deltalineintl.com\/es\/wp-json\/wp\/v2\/pages\/1952\/revisions"}],"predecessor-version":[{"id":4114,"href":"https:\/\/www.deltalineintl.com\/es\/wp-json\/wp\/v2\/pages\/1952\/revisions\/4114"}],"wp:attachment":[{"href":"https:\/\/www.deltalineintl.com\/es\/wp-json\/wp\/v2\/media?parent=1952"}],"curies":[{"name":"wp","href":"https:\/\/api.w.org\/{rel}","templated":true}]}}