{"id":3618,"date":"2014-01-28T16:55:27","date_gmt":"2014-01-28T16:55:27","guid":{"rendered":"http:\/\/web-rockstars.com\/bestcare\/?page_id=3618"},"modified":"2016-06-18T17:12:15","modified_gmt":"2016-06-18T17:12:15","slug":"services","status":"publish","type":"page","link":"https:\/\/www.deltalineintl.com\/es\/services\/","title":{"rendered":"Servicios"},"content":{"rendered":"<div class='sc_column one_half ' >\n<p><img loading=\"lazy\" decoding=\"async\" class=\"alignnone wp-image-3898 size-masonry\" src=\"http:\/\/www.deltalineintl.com\/wp-content\/uploads\/2014\/01\/AirTransport-500x306.jpg\" alt=\"\" width=\"500\" height=\"306\" srcset=\"https:\/\/www.deltalineintl.com\/wp-content\/uploads\/2014\/01\/AirTransport-500x306.jpg 500w, https:\/\/www.deltalineintl.com\/wp-content\/uploads\/2014\/01\/AirTransport.jpg 980w\" sizes=\"auto, (max-width: 500px) 100vw, 500px\" \/><\/p>\n<div class=\"feature_box\"><div>\r\n\t\t\t\t<i class=\"icon-plane\" ><\/i>\r\n\t\t\t<\/div><div><h3>A\u00e9reo<\/h3><p>Para aprender m\u00e1s acerca de este servicio <a title=\"A\u00e9reo\" href=\"http:\/\/www.deltalineintl.com\/services\/air\/\">haga click aqu\u00ed<\/a> <\/p><\/div><\/div>\n<\/div>\n<div class='sc_column one_half last ' >\n<p><img loading=\"lazy\" decoding=\"async\" class=\"alignnone wp-image-3900 size-masonry\" src=\"http:\/\/www.deltalineintl.com\/wp-content\/uploads\/2014\/01\/OceanTransport-500x306.jpg\" alt=\"\" width=\"500\" height=\"306\" srcset=\"https:\/\/www.deltalineintl.com\/wp-content\/uploads\/2014\/01\/OceanTransport-500x306.jpg 500w, https:\/\/www.deltalineintl.com\/wp-content\/uploads\/2014\/01\/OceanTransport.jpg 980w\" sizes=\"auto, (max-width: 500px) 100vw, 500px\" \/><br \/>\n<div class=\"feature_box\"><div>\r\n\t\t\t\t<i class=\"icon-anchor\" ><\/i>\r\n\t\t\t<\/div><div><h3>Mar\u00edtimo<\/h3><p>Para aprender m\u00e1s acerca de este servicio <a title=\"Mar\u00edtimo\" href=\"http:\/\/www.deltalineintl.com\/services\/ocean\/\">haga click aqu\u00ed<\/a> <\/p><\/div><\/div>\n<\/div><div class='clear'><\/div>\n<div class='sc_column one_half ' >\n<p><img loading=\"lazy\" decoding=\"async\" class=\"alignnone wp-image-3899 size-masonry\" src=\"http:\/\/www.deltalineintl.com\/wp-content\/uploads\/2014\/01\/Intermodal-500x306.jpg\" alt=\"\" width=\"500\" height=\"306\" srcset=\"https:\/\/www.deltalineintl.com\/wp-content\/uploads\/2014\/01\/Intermodal-500x306.jpg 500w, https:\/\/www.deltalineintl.com\/wp-content\/uploads\/2014\/01\/Intermodal.jpg 980w\" sizes=\"auto, (max-width: 500px) 100vw, 500px\" \/><br \/>\n<div class=\"feature_box\"><div>\r\n\t\t\t\t<i class=\"icon-columns\" ><\/i>\r\n\t\t\t<\/div><div><h3>Transporte lntermodal<\/h3><p>Para aprender m\u00e1s acerca de este servicio <a title=\"Transporte lntermodal\" href=\"http:\/\/www.deltalineintl.com\/services\/intermodal-transport\/\">haga click aqu\u00ed<\/a> <\/p><\/div><\/div>\n<\/div>\n<div class='sc_column one_half last ' >\n<p><img loading=\"lazy\" decoding=\"async\" class=\"alignnone wp-image-3901 size-masonry\" src=\"http:\/\/www.deltalineintl.com\/wp-content\/uploads\/2014\/01\/Warehousing-500x306.jpg\" alt=\"\" width=\"500\" height=\"306\" srcset=\"https:\/\/www.deltalineintl.com\/wp-content\/uploads\/2014\/01\/Warehousing-500x306.jpg 500w, https:\/\/www.deltalineintl.com\/wp-content\/uploads\/2014\/01\/Warehousing.jpg 980w\" sizes=\"auto, (max-width: 500px) 100vw, 500px\" \/><br \/>\n<div class=\"feature_box\"><div>\r\n\t\t\t\t<i class=\"icon-th-large\" ><\/i>\r\n\t\t\t<\/div><div><h3>Servicios De Bodega<\/h3><p>Para aprender m\u00e1s acerca de este servicio <a title=\"Servicios De Bodega\" href=\"http:\/\/www.deltalineintl.com\/services\/warehousing-services\/\">haga click aqu\u00ed<\/a> <\/p><\/div><\/div>\n<\/div><div class='clear'><\/div>\n<p>&nbsp;<\/p>\n<div class='sc_column one_third ' >\n<p><img loading=\"lazy\" decoding=\"async\" class=\"alignnone wp-image-3904 size-full\" src=\"http:\/\/www.deltalineintl.com\/wp-content\/uploads\/2014\/01\/OurStory.jpg\" alt=\"\" width=\"500\" height=\"500\" srcset=\"https:\/\/www.deltalineintl.com\/wp-content\/uploads\/2014\/01\/OurStory.jpg 500w, https:\/\/www.deltalineintl.com\/wp-content\/uploads\/2014\/01\/OurStory-100x100.jpg 100w\" sizes=\"auto, (max-width: 500px) 100vw, 500px\" \/><\/p>\n<h3 class='styled'><span>Nuestra  Historia<\/span><\/h3>\n<p>Delta Line lnternational es una empresa familiar, con gran variedad en servicios de transporte a\u00e9reo, mar\u00edtimo y terrestre. La compa\u00f1\u00eda tiene m\u00e1s de 25 a\u00f1os como agencia de carga. Delta Line lnternational empez\u00f3 sus actividades desde Estados Unidos hasta Sur Am\u00e9rica, comenzando con Chile y Argentina.<\/p>\n<p>Al pasar de los a\u00f1os la corporaci\u00f3n extendi\u00f3 sus servicios por todo el mundo. Despu\u00e9s de alcanzar muchos logros, ahora es conocida como una de las principales agencias de carga.<\/p>\n<\/div>\n<div class='sc_column one_third ' >\n<p><img loading=\"lazy\" decoding=\"async\" class=\"alignnone wp-image-3903 size-full\" src=\"http:\/\/www.deltalineintl.com\/wp-content\/uploads\/2014\/01\/OurMission.jpg\" alt=\"\" width=\"500\" height=\"500\" srcset=\"https:\/\/www.deltalineintl.com\/wp-content\/uploads\/2014\/01\/OurMission.jpg 500w, https:\/\/www.deltalineintl.com\/wp-content\/uploads\/2014\/01\/OurMission-100x100.jpg 100w\" sizes=\"auto, (max-width: 500px) 100vw, 500px\" \/><\/p>\n<h3 class='styled'><span>Nuestra Misi\u00f3n<\/span><\/h3>\n<p>En Delta Line lnternational nos enfocamos en transportar mercader\u00eda internacional y crear soluciones pr\u00e1cticas para toda necesidad log\u00edstica.<\/p>\n<p>Nuestra misi\u00f3n es quitarle toda preocupaci\u00f3n al cliente, en todo lo relacionado con su carga, ofreciendo un servicio satisfactorio por encima del nivel esperado.<\/p>\n<\/div>\n<div class='sc_column one_third last ' >\n<p><img loading=\"lazy\" decoding=\"async\" class=\"alignnone wp-image-3902 size-full\" src=\"http:\/\/www.deltalineintl.com\/wp-content\/uploads\/2014\/01\/OurClients.jpg\" alt=\"\" width=\"500\" height=\"500\" srcset=\"https:\/\/www.deltalineintl.com\/wp-content\/uploads\/2014\/01\/OurClients.jpg 500w, https:\/\/www.deltalineintl.com\/wp-content\/uploads\/2014\/01\/OurClients-100x100.jpg 100w\" sizes=\"auto, (max-width: 500px) 100vw, 500px\" \/><\/p>\n<h3 class='styled'><span>Nuestros Clientes<\/span><\/h3>\n<p>La ubicaci\u00f3n de nuestra oficina nos permite asistir a los clientes de cualquier parte del mundo. En Delta Line lnternational entendemos que la clave para el \u00e9xito de nuestro negocio, se mantiene estableciendo y sosteniendo buenas relaciones con los clientes. Ofreci\u00e9ndoles un trabajo profesional, confiable y garantizado en todos sus embarques.<\/p>\n<p>Sabemos que los clientes necesitan un solo punto de contacto, una persona en la que ellos puedan confiar y aclarar cualquier duda o inquietud.<\/p>\n<p>Esta es la filosof\u00eda con la que nuestro personal trabaja d\u00eda a d\u00eda, no solo brindar confiabilidad al cliente, sino un servicio de excelencia.<\/p>\n<\/div><div class='clear'><\/div>","protected":false},"excerpt":{"rendered":"<p>&nbsp;<\/p>\n","protected":false},"author":1,"featured_media":0,"parent":0,"menu_order":0,"comment_status":"closed","ping_status":"closed","template":"","meta":{"footnotes":""},"class_list":["post-3618","page","type-page","status-publish","hentry"],"_links":{"self":[{"href":"https:\/\/www.deltalineintl.com\/es\/wp-json\/wp\/v2\/pages\/3618","targetHints":{"allow":["GET"]}}],"collection":[{"href":"https:\/\/www.deltalineintl.com\/es\/wp-json\/wp\/v2\/pages"}],"about":[{"href":"https:\/\/www.deltalineintl.com\/es\/wp-json\/wp\/v2\/types\/page"}],"author":[{"embeddable":true,"href":"https:\/\/www.deltalineintl.com\/es\/wp-json\/wp\/v2\/users\/1"}],"replies":[{"embeddable":true,"href":"https:\/\/www.deltalineintl.com\/es\/wp-json\/wp\/v2\/comments?post=3618"}],"version-history":[{"count":25,"href":"https:\/\/www.deltalineintl.com\/es\/wp-json\/wp\/v2\/pages\/3618\/revisions"}],"predecessor-version":[{"id":4094,"href":"https:\/\/www.deltalineintl.com\/es\/wp-json\/wp\/v2\/pages\/3618\/revisions\/4094"}],"wp:attachment":[{"href":"https:\/\/www.deltalineintl.com\/es\/wp-json\/wp\/v2\/media?parent=3618"}],"curies":[{"name":"wp","href":"https:\/\/api.w.org\/{rel}","templated":true}]}}