{"id":3863,"date":"2015-01-22T17:13:35","date_gmt":"2015-01-22T17:13:35","guid":{"rendered":"http:\/\/www.deltalineintl.com\/?page_id=3863"},"modified":"2016-06-18T17:20:44","modified_gmt":"2016-06-18T17:20:44","slug":"air","status":"publish","type":"page","link":"https:\/\/www.deltalineintl.com\/es\/services\/air\/","title":{"rendered":"A\u00e9reo"},"content":{"rendered":"<div class='sc_column one_half ' >\n<p><img loading=\"lazy\" decoding=\"async\" class=\"alignnone wp-image-3898 size-gallery\" src=\"http:\/\/www.deltalineintl.com\/wp-content\/uploads\/2014\/01\/AirTransport-600x400.jpg\" alt=\"\" width=\"600\" height=\"400\" \/><\/p>\n<\/div>\n<div class='sc_column one_half last ' >\n<p>Delta Line lnternational cumple con todos los requisitos y permisos del TSA o Aduana Americana para embarques a\u00e9reos no solo en aviones cargueros sino en pasajeros. Podemos manejar cualquier reto que se nos imponga durante el env\u00edo de su mercader\u00eda . Le proporcionamos un horario preciso y exacto para que se ajuste a sus necesidades. Nos encargamos de automatizar todo el proceso del envi\u00f3, incluyendo la creaci\u00f3n de la gu\u00eda a\u00e9rea, manipulaci\u00f3n, despacho y rastreo de la  misma.<\/p>\n<p>Ofrecemos:<\/p>\n<ul>\n<li>Importaci\u00f3n y exportaci\u00f3n, incluyendo consolidaciones<\/li>\n<li>Horarios precisos y confiables<\/li>\n<li>Opciones de entrega puerta\/puerta, o  aeropuerto\/aeropuerto<\/li>\n<li>Proyectos, cargas especiales o sobredimensionadas<\/li>\n<li>Vuelo ch\u00e1rter<\/li>\n<li>Servicio completo de despacho de aduana nacional e internacional.<\/li>\n<\/ul>\n<\/div><div class='clear'><\/div>\n<p>&nbsp;","protected":false},"excerpt":{"rendered":"<p>&nbsp;<\/p>\n","protected":false},"author":1,"featured_media":0,"parent":3618,"menu_order":0,"comment_status":"open","ping_status":"open","template":"","meta":{"footnotes":""},"class_list":["post-3863","page","type-page","status-publish","hentry"],"_links":{"self":[{"href":"https:\/\/www.deltalineintl.com\/es\/wp-json\/wp\/v2\/pages\/3863","targetHints":{"allow":["GET"]}}],"collection":[{"href":"https:\/\/www.deltalineintl.com\/es\/wp-json\/wp\/v2\/pages"}],"about":[{"href":"https:\/\/www.deltalineintl.com\/es\/wp-json\/wp\/v2\/types\/page"}],"author":[{"embeddable":true,"href":"https:\/\/www.deltalineintl.com\/es\/wp-json\/wp\/v2\/users\/1"}],"replies":[{"embeddable":true,"href":"https:\/\/www.deltalineintl.com\/es\/wp-json\/wp\/v2\/comments?post=3863"}],"version-history":[{"count":11,"href":"https:\/\/www.deltalineintl.com\/es\/wp-json\/wp\/v2\/pages\/3863\/revisions"}],"predecessor-version":[{"id":4097,"href":"https:\/\/www.deltalineintl.com\/es\/wp-json\/wp\/v2\/pages\/3863\/revisions\/4097"}],"up":[{"embeddable":true,"href":"https:\/\/www.deltalineintl.com\/es\/wp-json\/wp\/v2\/pages\/3618"}],"wp:attachment":[{"href":"https:\/\/www.deltalineintl.com\/es\/wp-json\/wp\/v2\/media?parent=3863"}],"curies":[{"name":"wp","href":"https:\/\/api.w.org\/{rel}","templated":true}]}}