{"id":3872,"date":"2015-01-22T17:19:43","date_gmt":"2015-01-22T17:19:43","guid":{"rendered":"http:\/\/www.deltalineintl.com\/?page_id=3872"},"modified":"2016-06-18T17:23:38","modified_gmt":"2016-06-18T17:23:38","slug":"ocean","status":"publish","type":"page","link":"https:\/\/www.deltalineintl.com\/es\/services\/ocean\/","title":{"rendered":"Mar\u00edtimo"},"content":{"rendered":"<div class='sc_column one_half ' >\n<p><img loading=\"lazy\" decoding=\"async\" class=\"alignnone wp-image-3900 size-gallery\" src=\"http:\/\/www.deltalineintl.com\/wp-content\/uploads\/2014\/01\/OceanTransport-600x400.jpg\" alt=\"\" width=\"600\" height=\"400\" \/><\/p>\n<\/div>\n<div class='sc_column one_half last ' >\n<p>Delta Line lnternational, nuestra compa\u00f1\u00eda matriz con m\u00e1s de 25 a\u00f1os en el mercado, es un NVOCC que ofrece servicio completo en el transporte mar\u00edtimo, desde y hacia cualquier parte del mundo. Contamos con salidas semanales y tarifas competitivas con todas las navieras para beneficio de nuestros clientes. Tenemos un personal altamente capacitado y calificado no solo para el manejo de su carga sino para la preparaci\u00f3n y elaboraci\u00f3n de documentos y envi\u00f3 de los mismos d\u00e1ndole la facilidad al cliente de obtener la informaci\u00f3n en forma r\u00e1pida, segura y precisa.<\/p>\n<p>Ofrecemos:<\/p>\n<ul>\n<li>FCL (Contenedor completo)<\/li>\n<li>LCL (Contenedor parcial)<\/li>\n<li>Carga Fraccionada<\/li>\n<li>RO\/RO (Roll On \/ Roll Off)<\/li>\n<li>Ch\u00e1rter (Completo\/Parcial)<\/li>\n<li>Opciones a plazo de entrega (Puerta a Puerta )<\/li>\n<li>Terminal a Terminal con horarios de navegaci\u00f3n confiables<\/li>\n<li>Servicio completo de despacho de aduana nacional e internacional<\/li>\n<\/ul>\n<\/div><div class='clear'><\/div>\n<p>&nbsp;","protected":false},"excerpt":{"rendered":"<p>&nbsp;<\/p>\n","protected":false},"author":1,"featured_media":0,"parent":3618,"menu_order":0,"comment_status":"open","ping_status":"open","template":"","meta":{"footnotes":""},"class_list":["post-3872","page","type-page","status-publish","hentry"],"_links":{"self":[{"href":"https:\/\/www.deltalineintl.com\/es\/wp-json\/wp\/v2\/pages\/3872","targetHints":{"allow":["GET"]}}],"collection":[{"href":"https:\/\/www.deltalineintl.com\/es\/wp-json\/wp\/v2\/pages"}],"about":[{"href":"https:\/\/www.deltalineintl.com\/es\/wp-json\/wp\/v2\/types\/page"}],"author":[{"embeddable":true,"href":"https:\/\/www.deltalineintl.com\/es\/wp-json\/wp\/v2\/users\/1"}],"replies":[{"embeddable":true,"href":"https:\/\/www.deltalineintl.com\/es\/wp-json\/wp\/v2\/comments?post=3872"}],"version-history":[{"count":7,"href":"https:\/\/www.deltalineintl.com\/es\/wp-json\/wp\/v2\/pages\/3872\/revisions"}],"predecessor-version":[{"id":4099,"href":"https:\/\/www.deltalineintl.com\/es\/wp-json\/wp\/v2\/pages\/3872\/revisions\/4099"}],"up":[{"embeddable":true,"href":"https:\/\/www.deltalineintl.com\/es\/wp-json\/wp\/v2\/pages\/3618"}],"wp:attachment":[{"href":"https:\/\/www.deltalineintl.com\/es\/wp-json\/wp\/v2\/media?parent=3872"}],"curies":[{"name":"wp","href":"https:\/\/api.w.org\/{rel}","templated":true}]}}