{"id":3880,"date":"2015-01-22T17:27:05","date_gmt":"2015-01-22T17:27:05","guid":{"rendered":"http:\/\/www.deltalineintl.com\/?page_id=3880"},"modified":"2016-06-18T23:26:50","modified_gmt":"2016-06-18T23:26:50","slug":"warehousing-services","status":"publish","type":"page","link":"https:\/\/www.deltalineintl.com\/es\/services\/warehousing-services\/","title":{"rendered":"Servicios De Bodega"},"content":{"rendered":"<div class='sc_column one_half ' >\n<p><img loading=\"lazy\" decoding=\"async\" class=\"alignnone wp-image-3901 size-gallery\" src=\"http:\/\/www.deltalineintl.com\/wp-content\/uploads\/2014\/01\/Warehousing-600x400.jpg\" alt=\"\" width=\"600\" height=\"400\" \/><\/p>\n<\/div>\n<div class='sc_column one_half last ' >\n<p>Delta Line lnternational ofrece soluciones competitivas para todas las necesidades de almacenamiento de nuestros clientes.<\/p>\n<p>Contamos con el uso exclusivo de una bodega ubicada en Miami con m\u00e1s de 60,000 pies cuadrados, donde recibimos, manipulamos, embarcamos y entregamos cualquier tipo de carga. Nuestros equipos de forklift, racks y divisiones dentro de la bodega permiten que brindemos un servicio r\u00e1pido, \u00e1gil y seguro.<\/p>\n<p>Siempre usamos tecnolog\u00eda avanzada para el control del inventario. Tenemos un sistema computarizado en el cual se registra en forma inmediata cada carga que llega. Esta se mide, pesa y fotograf\u00eda con el objetivo de dejarla lista para un control exacto y una distribuci\u00f3n r\u00e1pida y confiable. De igual manera con este sistema el cliente puede rastrear la carga f\u00e1cilmente y estar informado no solo de la ubicaci\u00f3n de la misma, sino del inventario de sus productos.<\/p>\n<\/div><div class='clear'><\/div>","protected":false},"excerpt":{"rendered":"","protected":false},"author":1,"featured_media":0,"parent":3618,"menu_order":0,"comment_status":"open","ping_status":"closed","template":"","meta":{"footnotes":""},"class_list":["post-3880","page","type-page","status-publish","hentry"],"_links":{"self":[{"href":"https:\/\/www.deltalineintl.com\/es\/wp-json\/wp\/v2\/pages\/3880","targetHints":{"allow":["GET"]}}],"collection":[{"href":"https:\/\/www.deltalineintl.com\/es\/wp-json\/wp\/v2\/pages"}],"about":[{"href":"https:\/\/www.deltalineintl.com\/es\/wp-json\/wp\/v2\/types\/page"}],"author":[{"embeddable":true,"href":"https:\/\/www.deltalineintl.com\/es\/wp-json\/wp\/v2\/users\/1"}],"replies":[{"embeddable":true,"href":"https:\/\/www.deltalineintl.com\/es\/wp-json\/wp\/v2\/comments?post=3880"}],"version-history":[{"count":9,"href":"https:\/\/www.deltalineintl.com\/es\/wp-json\/wp\/v2\/pages\/3880\/revisions"}],"predecessor-version":[{"id":4102,"href":"https:\/\/www.deltalineintl.com\/es\/wp-json\/wp\/v2\/pages\/3880\/revisions\/4102"}],"up":[{"embeddable":true,"href":"https:\/\/www.deltalineintl.com\/es\/wp-json\/wp\/v2\/pages\/3618"}],"wp:attachment":[{"href":"https:\/\/www.deltalineintl.com\/es\/wp-json\/wp\/v2\/media?parent=3880"}],"curies":[{"name":"wp","href":"https:\/\/api.w.org\/{rel}","templated":true}]}}