{"id":3959,"date":"2015-02-03T14:28:58","date_gmt":"2015-02-03T14:28:58","guid":{"rendered":"http:\/\/www.deltalineintl.com\/?page_id=3959"},"modified":"2016-06-19T00:02:26","modified_gmt":"2016-06-19T00:02:26","slug":"get-a-quote","status":"publish","type":"page","link":"https:\/\/www.deltalineintl.com\/es\/contact-us\/get-a-quote\/","title":{"rendered":"Consiga una Cotizaci\u00f3n"},"content":{"rendered":"<p><img loading=\"lazy\" decoding=\"async\" class=\"aligncenter size-full wp-image-3972\" src=\"http:\/\/www.deltalineintl.com\/wp-content\/uploads\/2015\/02\/GetQuote.jpg\" alt=\"GetQuote\" width=\"1200\" height=\"200\" srcset=\"https:\/\/www.deltalineintl.com\/wp-content\/uploads\/2015\/02\/GetQuote.jpg 1200w, https:\/\/www.deltalineintl.com\/wp-content\/uploads\/2015\/02\/GetQuote-500x83.jpg 500w\" sizes=\"auto, (max-width: 1200px) 100vw, 1200px\" \/><div class=\"frm_forms \" id=\"frm_form_2_container\" >\n<form enctype=\"multipart\/form-data\" method=\"post\" class=\"frm-show-form \" id=\"form_27sn1x\" >\n<div class=\"frm_form_fields \">\n<fieldset>\n\r\n<div class=\"frm_fields_container\">\n<input type=\"hidden\" name=\"frm_action\" value=\"create\" \/>\n<input type=\"hidden\" name=\"form_id\" value=\"2\" \/>\n<input type=\"hidden\" name=\"frm_hide_fields_2\" id=\"frm_hide_fields_2\" value=\"\" \/>\n<input type=\"hidden\" name=\"form_key\" value=\"27sn1x\" \/>\n<input type=\"hidden\" name=\"item_meta[0]\" value=\"\" \/>\n<input type=\"hidden\" id=\"frm_submit_entry_2\" name=\"frm_submit_entry_2\" value=\"fcefdc7e3f\" \/><input type=\"hidden\" name=\"_wp_http_referer\" value=\"\/es\/wp-json\/wp\/v2\/pages\/3959\" \/><div id=\"frm_field_8_container\" class=\"frm_form_field form-field  frm_required_field frm_top_container\">\r\n    <label for=\"field_d53pm0\" class=\"frm_primary_label\">Your Full Name:\r\n        <span class=\"frm_required\">*<\/span>\r\n    <\/label>\r\n    <input type=\"text\" id=\"field_d53pm0\" name=\"item_meta[8]\" value=\"\"  placeholder=\"Nombre Completo\" data-reqmsg=\"^ Fields with an (*) cannot be left blank. Casillas con el (*) no pueden quedar vac\u00edas.\" aria-required=\"true\" data-invmsg=\"Your Full Name: no es v\u00e1lido\" aria-invalid=\"false\"  \/>\r\n    \r\n    \r\n<\/div>\n<div id=\"frm_field_10_container\" class=\"frm_form_field form-field  frm_required_field frm_top_container\">\r\n    <label for=\"field_ephg1n\" class=\"frm_primary_label\">Your Company:\r\n        <span class=\"frm_required\">*<\/span>\r\n    <\/label>\r\n    <input type=\"text\" id=\"field_ephg1n\" name=\"item_meta[10]\" value=\"\"  placeholder=\"Nombre de Compa\u00f1ia\" data-reqmsg=\"^ Fields with an (*) cannot be left blank. Casillas con el (*) no pueden quedar vac\u00edas.\" aria-required=\"true\" data-invmsg=\"Your Company: no es v\u00e1lido\" aria-invalid=\"false\"  \/>\r\n    \r\n    \r\n<\/div>\n<div id=\"frm_field_11_container\" class=\"frm_form_field form-field  frm_required_field frm_top_container\">\r\n    <label for=\"field_xczeyw\" class=\"frm_primary_label\">Your Email:\r\n        <span class=\"frm_required\">*<\/span>\r\n    <\/label>\r\n    <input type=\"text\" id=\"field_xczeyw\" name=\"item_meta[11]\" value=\"\"  placeholder=\"Correo Electr\u00f3nico\" data-reqmsg=\"^ Fields with an (*) cannot be left blank. Casillas con el (*) no pueden quedar vac\u00edas.\" aria-required=\"true\" data-invmsg=\"Your Email: no es v\u00e1lido\" aria-invalid=\"false\"  \/>\r\n    \r\n    \r\n<\/div>\n<div id=\"frm_field_12_container\" class=\"frm_form_field form-field  frm_required_field frm_top_container\">\r\n    <label for=\"field_tamj91\" class=\"frm_primary_label\">Your Phone:\r\n        <span class=\"frm_required\">*<\/span>\r\n    <\/label>\r\n    <input type=\"text\" id=\"field_tamj91\" name=\"item_meta[12]\" value=\"\"  placeholder=\"N\u00famero de Tel\u00e9fono\" data-reqmsg=\"^ Fields with an (*) cannot be left blank. Casillas con el (*) no pueden quedar vac\u00edas.\" aria-required=\"true\" data-invmsg=\"Your Phone: no es v\u00e1lido\" aria-invalid=\"false\"  \/>\r\n    \r\n    \r\n<\/div>\n<div id=\"frm_field_13_container\" class=\"frm_form_field form-field  frm_required_field frm_top_container\">\r\n    <label for=\"field_akjbr\" class=\"frm_primary_label\">Origin Address: (Please include city, state, ZIP and country)\r\n        <span class=\"frm_required\">*<\/span>\r\n    <\/label>\r\n    <textarea name=\"item_meta[13]\" id=\"field_akjbr\"  placeholder=\"Direcci\u00f3n de Origen (Incluya ciudad, estado, c\u00f3digo postal y pa\u00eds)\" data-reqmsg=\"^ Fields with an (*) cannot be left blank. Casillas con el (*) no pueden quedar vac\u00edas.\" aria-required=\"true\" data-invmsg=\"Origin Address: (Please include city, state, ZIP and country) no es v\u00e1lido\" aria-invalid=\"false\"  ><\/textarea>\r\n    \r\n    \r\n<\/div>\n<div id=\"frm_field_14_container\" class=\"frm_form_field form-field  frm_required_field frm_top_container\">\r\n    <label for=\"field_7zpdbx\" class=\"frm_primary_label\">Delivery Address: (Please include city, state, ZIP and country)\r\n        <span class=\"frm_required\">*<\/span>\r\n    <\/label>\r\n    <textarea name=\"item_meta[14]\" id=\"field_7zpdbx\"  placeholder=\"Direcci\u00f3n de Entrega (Incluya ciudad, estado, c\u00f3digo postal y pa\u00eds)\" data-reqmsg=\"^ Fields with an (*) cannot be left blank. Casillas con el (*) no pueden quedar vac\u00edas.\" aria-required=\"true\" data-invmsg=\"Delivery Address: (Please include city, state, ZIP and country) no es v\u00e1lido\" aria-invalid=\"false\"  ><\/textarea>\r\n    \r\n    \r\n<\/div>\n<div id=\"frm_field_15_container\" class=\"frm_form_field form-field  frm_required_field frm_top_container\">\r\n    <label for=\"field_hlw59h\" class=\"frm_primary_label\">Shipment Description: (Please include # of boxes, pallets, dimensions, weights, etc)\r\n        <span class=\"frm_required\">*<\/span>\r\n    <\/label>\r\n    <textarea name=\"item_meta[15]\" id=\"field_hlw59h\" rows=\"5\"  placeholder=\"Descripci\u00f3n del Env\u00edo: (Incluya # de cajas, paletas, dimensiones, pesos, etc)\" data-reqmsg=\"^ Fields with an (*) cannot be left blank. Casillas con el (*) no pueden quedar vac\u00edas.\" aria-required=\"true\" data-invmsg=\"Shipment Description: (Please include # of boxes, pallets, dimensions, weights, etc) no es v\u00e1lido\" aria-invalid=\"false\"  ><\/textarea>\r\n    \r\n    \r\n<\/div>\n<div id=\"frm_field_16_container\" class=\"frm_form_field form-field  frm_required_field frm_top_container\">\r\n    <label for=\"field_ncee17\" class=\"frm_primary_label\">Ship Date: (MM\/DD\/YYYY)\r\n        <span class=\"frm_required\">*<\/span>\r\n    <\/label>\r\n    <input type=\"text\" id=\"field_ncee17\" name=\"item_meta[16]\" value=\"\"  placeholder=\"Fecha de Env\u00edo (MM\/DD\/AAAA)\" data-reqmsg=\"^ Fields with an (*) cannot be left blank. Casillas con el (*) no pueden quedar vac\u00edas.\" aria-required=\"true\" data-invmsg=\"Ship Date: (MM\/DD\/YYYY) no es v\u00e1lido\" aria-invalid=\"false\"  \/>\r\n    \r\n    \r\n<\/div>\n\t<input type=\"hidden\" name=\"item_key\" value=\"\" \/>\n\t<div class=\"frm_submit\">\r\n\r\n<input type=\"submit\" value=\"Submit\/Enviar\"  \/>\r\n<img decoding=\"async\" class=\"frm_ajax_loading\" src=\"https:\/\/www.deltalineintl.com\/wp-content\/plugins\/formidable\/images\/ajax_loader.gif\" alt=\"Sending\" style=\"visibility:hidden;\" \/>\r\n\r\n<\/div><\/div>\n<\/fieldset>\n<\/div>\n\n<p style=\"display: none !important;\" class=\"akismet-fields-container\" data-prefix=\"ak_\"><label>&#916;<textarea name=\"ak_hp_textarea\" cols=\"45\" rows=\"8\" maxlength=\"100\"><\/textarea><\/label><input type=\"hidden\" id=\"ak_js_1\" name=\"ak_js\" value=\"38\"\/><script>document.getElementById( \"ak_js_1\" ).setAttribute( \"value\", ( new Date() ).getTime() );<\/script><\/p><\/form>\n<\/div>\n\n","protected":false},"excerpt":{"rendered":"","protected":false},"author":1,"featured_media":0,"parent":3980,"menu_order":0,"comment_status":"closed","ping_status":"closed","template":"","meta":{"footnotes":""},"class_list":["post-3959","page","type-page","status-publish","hentry"],"_links":{"self":[{"href":"https:\/\/www.deltalineintl.com\/es\/wp-json\/wp\/v2\/pages\/3959","targetHints":{"allow":["GET"]}}],"collection":[{"href":"https:\/\/www.deltalineintl.com\/es\/wp-json\/wp\/v2\/pages"}],"about":[{"href":"https:\/\/www.deltalineintl.com\/es\/wp-json\/wp\/v2\/types\/page"}],"author":[{"embeddable":true,"href":"https:\/\/www.deltalineintl.com\/es\/wp-json\/wp\/v2\/users\/1"}],"replies":[{"embeddable":true,"href":"https:\/\/www.deltalineintl.com\/es\/wp-json\/wp\/v2\/comments?post=3959"}],"version-history":[{"count":3,"href":"https:\/\/www.deltalineintl.com\/es\/wp-json\/wp\/v2\/pages\/3959\/revisions"}],"predecessor-version":[{"id":4105,"href":"https:\/\/www.deltalineintl.com\/es\/wp-json\/wp\/v2\/pages\/3959\/revisions\/4105"}],"up":[{"embeddable":true,"href":"https:\/\/www.deltalineintl.com\/es\/wp-json\/wp\/v2\/pages\/3980"}],"wp:attachment":[{"href":"https:\/\/www.deltalineintl.com\/es\/wp-json\/wp\/v2\/media?parent=3959"}],"curies":[{"name":"wp","href":"https:\/\/api.w.org\/{rel}","templated":true}]}}